{"id":718,"date":"2026-01-05T18:51:23","date_gmt":"2026-01-05T16:51:23","guid":{"rendered":"https:\/\/norfra.no\/?page_id=718"},"modified":"2026-01-29T14:30:08","modified_gmt":"2026-01-29T12:30:08","slug":"nic-haug","status":"publish","type":"page","link":"https:\/\/norfra.no\/nb\/factories\/nic-haug\/","title":{"rendered":"Nic Haug AS"},"content":{"rendered":"<div class=\"wp-block-group norfra-factorywrapper has-global-padding is-layout-constrained wp-block-group-is-layout-constrained\">\n<div class=\"wp-block-columns alignwide is-layout-flex wp-container-core-columns-is-layout-7b23feb0 wp-block-columns-is-layout-flex\" style=\"padding-top:0;padding-right:0;padding-bottom:var(--wp--preset--spacing--40);padding-left:0\">\n<div class=\"wp-block-column is-layout-flow wp-block-column-is-layout-flow\" style=\"flex-basis:50%\">\n<div class=\"wp-block-group norfra-mediaoOverlay has-global-padding is-layout-constrained wp-container-core-group-is-layout-bc384794 wp-block-group-is-layout-constrained\" style=\"margin-top:0;margin-bottom:0;padding-top:0;padding-right:0;padding-bottom:0;padding-left:0\">\n<figure class=\"wp-block-image size-large is-style-compass-rose\" style=\"margin-top:0;margin-right:0;margin-bottom:0;margin-left:0\"><img decoding=\"async\" width=\"1024\" height=\"768\" src=\"https:\/\/norfra.no\/wp-content\/uploads\/2026\/01\/DJI_0043-Jakob-Eitrheim-1024x768.jpg\" alt=\"\" class=\"wp-image-719\" style=\"aspect-ratio:1;object-fit:cover\" srcset=\"https:\/\/norfra.no\/wp-content\/uploads\/2026\/01\/DJI_0043-Jakob-Eitrheim-1024x768.jpg 1024w, https:\/\/norfra.no\/wp-content\/uploads\/2026\/01\/DJI_0043-Jakob-Eitrheim-300x225.jpg 300w, https:\/\/norfra.no\/wp-content\/uploads\/2026\/01\/DJI_0043-Jakob-Eitrheim-768x576.jpg 768w, https:\/\/norfra.no\/wp-content\/uploads\/2026\/01\/DJI_0043-Jakob-Eitrheim-1536x1152.jpg 1536w, https:\/\/norfra.no\/wp-content\/uploads\/2026\/01\/DJI_0043-Jakob-Eitrheim-2048x1536.jpg 2048w\" sizes=\"(max-width: 1024px) 100vw, 1024px\" \/><\/figure>\n\n\n\n<div class=\"wp-block-group norfra-mediaOverlay_ui is-content-justification-space-between is-nowrap is-layout-flex wp-container-core-group-is-layout-bd38340d wp-block-group-is-layout-flex\" style=\"margin-top:0;margin-bottom:0\">\n<div class=\"wp-block-group norfra-mediaOverlay__left is-nowrap is-layout-flex wp-container-core-group-is-layout-6c531013 wp-block-group-is-layout-flex\">\n<div class=\"wp-block-buttons is-layout-flex wp-container-core-buttons-is-layout-35db9699 wp-block-buttons-is-layout-flex\" style=\"padding-right:0;padding-left:0\">\n<div class=\"wp-block-button is-style-pagination-prev\"><button type=\"button\" class=\"wp-block-button__link wp-element-button\">1<\/button><\/div>\n\n\n\n<div class=\"wp-block-button is-style-pagination-next\"><button type=\"button\" class=\"wp-block-button__link wp-element-button\">1<\/button><\/div>\n<\/div>\n\n\n\n<p>Viser 1 av 1<\/p>\n<\/div>\n\n\n\n<h2 class=\"wp-block-heading norfra-mediaOverlay__right has-accent-5-color has-text-color has-link-color wp-elements-b5b9829125e0d8935efa56dae366cc08\">N-322<\/h2>\n<\/div>\n<\/div>\n<\/div>\n\n\n\n<div class=\"wp-block-column is-vertically-aligned-bottom is-layout-flow wp-container-core-column-is-layout-15ca2242 wp-block-column-is-layout-flow\" style=\"padding-top:var(--wp--preset--spacing--30);padding-right:0;padding-left:0;flex-basis:50%\">\n<div class=\"wp-block-group has-global-padding is-content-justification-left is-layout-constrained wp-container-core-group-is-layout-2a30e56b wp-block-group-is-layout-constrained\" style=\"margin-top:0;padding-bottom:var(--wp--preset--spacing--30)\"><h2 style=\"padding-top:var(--wp--preset--spacing--30);padding-bottom:0;margin-top:0;\" class=\"wp-block-post-title\">Nic Haug AS<\/h2>\n\n\n<p class=\"has-medium-font-size\">Holder til p\u00e5 Ballstad i Lofoten. \u00c5rlig kj\u00f8per de inn ca. 2 500 tonn r\u00e5stoff som brukes til produksjon av fersk fisk, t\u00f8rrfisk og saltfisk.<\/p>\n\n\n\n<p>Hvis du leverer til Nic. Haug, er fiskeplassene like i n\u00e6rheten, og det er ogs\u00e5 mulighet for \u00e5 proviantere direkte p\u00e5 kaia.<\/p>\n\n\n\n<p class=\"has-medium-font-size\">I havnen finner du oljesalg, slipp, utstyr og arbeidskl\u00e6r.<\/p>\n<\/div>\n\n\n\n<div class=\"wp-block-group has-border-color has-contrast-border-color has-accent-5-background-color has-background has-global-padding is-layout-constrained wp-container-core-group-is-layout-2cfbee1b wp-block-group-is-layout-constrained\" style=\"border-width:2px;border-top-left-radius:10px;border-top-right-radius:10px;border-bottom-left-radius:10px;border-bottom-right-radius:10px;padding-top:var(--wp--preset--spacing--20);padding-right:var(--wp--preset--spacing--30);padding-bottom:var(--wp--preset--spacing--20);padding-left:var(--wp--preset--spacing--30)\">\n<div class=\"wp-block-group is-content-justification-space-between is-nowrap is-layout-flex wp-container-core-group-is-layout-cb46ffcb wp-block-group-is-layout-flex\">\n<h3 class=\"wp-block-heading\">Kontakt denne fabrikken<\/h3>\n\n\n\n<ul class=\"wp-block-social-links has-normal-icon-size has-icon-color is-style-logos-only is-content-justification-left is-nowrap is-layout-flex wp-container-core-social-links-is-layout-b5000862 wp-block-social-links-is-layout-flex\" style=\"margin-top:0;margin-right:0;margin-bottom:0;margin-left:0\"><li style=\"color:#245e70;\" class=\"wp-social-link wp-social-link-facebook has-contrast-color wp-block-social-link\"><a href=\"https:\/\/www.facebook.com\/NicHaug\" class=\"wp-block-social-link-anchor\" target=\"_blank\" rel=\"noopener\"><svg width=\"24\" height=\"24\" viewbox=\"0 0 24 24\" version=\"1.1\" xmlns=\"http:\/\/www.w3.org\/2000\/svg\" aria-hidden=\"true\" focusable=\"false\"><path d=\"M12 2C6.5 2 2 6.5 2 12c0 5 3.7 9.1 8.4 9.9v-7H7.9V12h2.5V9.8c0-2.5 1.5-3.9 3.8-3.9 1.1 0 2.2.2 2.2.2v2.5h-1.3c-1.2 0-1.6.8-1.6 1.6V12h2.8l-.4 2.9h-2.3v7C18.3 21.1 22 17 22 12c0-5.5-4.5-10-10-10z\"><\/path><\/svg><span class=\"wp-block-social-link-label screen-reader-text\">Facebook<\/span><\/a><\/li>\n\n<li style=\"color:#245e70;\" class=\"wp-social-link wp-social-link-instagram has-contrast-color wp-block-social-link\"><a href=\"https:\/\/www.instagram.com\/nichaugas\/\" class=\"wp-block-social-link-anchor\" target=\"_blank\" rel=\"noopener\"><svg width=\"24\" height=\"24\" viewbox=\"0 0 24 24\" version=\"1.1\" xmlns=\"http:\/\/www.w3.org\/2000\/svg\" aria-hidden=\"true\" focusable=\"false\"><path d=\"M12,4.622c2.403,0,2.688,0.009,3.637,0.052c0.877,0.04,1.354,0.187,1.671,0.31c0.42,0.163,0.72,0.358,1.035,0.673 c0.315,0.315,0.51,0.615,0.673,1.035c0.123,0.317,0.27,0.794,0.31,1.671c0.043,0.949,0.052,1.234,0.052,3.637 s-0.009,2.688-0.052,3.637c-0.04,0.877-0.187,1.354-0.31,1.671c-0.163,0.42-0.358,0.72-0.673,1.035 c-0.315,0.315-0.615,0.51-1.035,0.673c-0.317,0.123-0.794,0.27-1.671,0.31c-0.949,0.043-1.233,0.052-3.637,0.052 s-2.688-0.009-3.637-0.052c-0.877-0.04-1.354-0.187-1.671-0.31c-0.42-0.163-0.72-0.358-1.035-0.673 c-0.315-0.315-0.51-0.615-0.673-1.035c-0.123-0.317-0.27-0.794-0.31-1.671C4.631,14.688,4.622,14.403,4.622,12 s0.009-2.688,0.052-3.637c0.04-0.877,0.187-1.354,0.31-1.671c0.163-0.42,0.358-0.72,0.673-1.035 c0.315-0.315,0.615-0.51,1.035-0.673c0.317-0.123,0.794-0.27,1.671-0.31C9.312,4.631,9.597,4.622,12,4.622 M12,3 C9.556,3,9.249,3.01,8.289,3.054C7.331,3.098,6.677,3.25,6.105,3.472C5.513,3.702,5.011,4.01,4.511,4.511 c-0.5,0.5-0.808,1.002-1.038,1.594C3.25,6.677,3.098,7.331,3.054,8.289C3.01,9.249,3,9.556,3,12c0,2.444,0.01,2.751,0.054,3.711 c0.044,0.958,0.196,1.612,0.418,2.185c0.23,0.592,0.538,1.094,1.038,1.594c0.5,0.5,1.002,0.808,1.594,1.038 c0.572,0.222,1.227,0.375,2.185,0.418C9.249,20.99,9.556,21,12,21s2.751-0.01,3.711-0.054c0.958-0.044,1.612-0.196,2.185-0.418 c0.592-0.23,1.094-0.538,1.594-1.038c0.5-0.5,0.808-1.002,1.038-1.594c0.222-0.572,0.375-1.227,0.418-2.185 C20.99,14.751,21,14.444,21,12s-0.01-2.751-0.054-3.711c-0.044-0.958-0.196-1.612-0.418-2.185c-0.23-0.592-0.538-1.094-1.038-1.594 c-0.5-0.5-1.002-0.808-1.594-1.038c-0.572-0.222-1.227-0.375-2.185-0.418C14.751,3.01,14.444,3,12,3L12,3z M12,7.378 c-2.552,0-4.622,2.069-4.622,4.622S9.448,16.622,12,16.622s4.622-2.069,4.622-4.622S14.552,7.378,12,7.378z M12,15 c-1.657,0-3-1.343-3-3s1.343-3,3-3s3,1.343,3,3S13.657,15,12,15z M16.804,6.116c-0.596,0-1.08,0.484-1.08,1.08 s0.484,1.08,1.08,1.08c0.596,0,1.08-0.484,1.08-1.08S17.401,6.116,16.804,6.116z\"><\/path><\/svg><span class=\"wp-block-social-link-label screen-reader-text\">Instagram<\/span><\/a><\/li><\/ul>\n<\/div>\n\n\n\n<div class=\"wp-block-group is-layout-grid wp-container-core-group-is-layout-0fee60bf wp-block-group-is-layout-grid\" style=\"padding-top:var(--wp--preset--spacing--20)\">\n<div class=\"wp-block-group is-vertical is-nowrap is-layout-flex wp-container-core-group-is-layout-5280e479 wp-block-group-is-layout-flex\">\n<p class=\"wp-container-content-69bc4bdf\"><strong>Telefon:<\/strong><\/p>\n\n\n\n<p><a href=\"tel:004795421474\">+47 954 21 474<\/a><\/p>\n<\/div>\n\n\n\n<div class=\"wp-block-group wp-container-content-b4c5012d is-vertical is-layout-flex wp-container-core-group-is-layout-4b827052 wp-block-group-is-layout-flex\">\n<p><strong>E-post:<\/strong><\/p>\n\n\n<a href=\"#\" class=\"protected-email\" data-u=\"dHJvbmQ=\" data-d=\"bm9yZnJhLm5v\"><\/a>\n<\/div>\n\n\n\n<div class=\"wp-block-group is-vertical is-layout-flex wp-container-core-group-is-layout-4b827052 wp-block-group-is-layout-flex\">\n<p><strong>Adresse:<\/strong><\/p>\n\n\n\n<p><a href=\"https:\/\/www.google.com\/maps\/place\/\/data=!4m2!3m1!1s0x45c45b971cb1b8a9:0x71f85870e52fa401?sa=X&amp;ved=1t:8290&amp;ictx=111\" target=\"_blank\" rel=\"noreferrer noopener\"><\/a><a href=\"https:\/\/www.google.com\/maps\/place\/\/data=!4m2!3m1!1s0x45de135b990f844d:0x110d8e5d8eb3b177?sa=X&amp;ved=1t:8290&amp;ictx=111\" target=\"_blank\" rel=\"noopener\">Ballstadlandet 100, 8373 Ballstad<\/a><br><\/p>\n<\/div>\n<\/div>\n<\/div>\n<\/div>\n<\/div>\n<\/div>\n\n\n\n<div class=\"wp-block-group alignwide has-base-background-color has-background is-vertical is-content-justification-stretch is-layout-flex wp-container-core-group-is-layout-b5121c61 wp-block-group-is-layout-flex\" style=\"margin-bottom:var(--wp--preset--spacing--60);padding-top:var(--wp--preset--spacing--40);padding-right:var(--wp--preset--spacing--40);padding-bottom:var(--wp--preset--spacing--40);padding-left:var(--wp--preset--spacing--40)\">\n<h3 class=\"wp-block-heading\">Tilgjengelige fasiliteter<\/h3>\n\n\n\n<ul class=\"wp-block-list is-style-checkmark-list norfra-listResponsive\">\n<li><strong>Flytebrygge<\/strong><br>For b\u00e5ter opp til 15 meter<\/li>\n\n\n\n<li><strong>Provision and ship supplies<\/strong><br>Available in harbor<\/li>\n\n\n\n<li><strong>Ispumpe<\/strong><br>Selvbetjent is tilgjengelig<\/li>\n\n\n\n<li><strong>Dieselpumpe<\/strong><br>External supplier in harbor<\/li>\n\n\n\n<li><strong>Str\u00f8mforsyning<\/strong><br>Tilgjengelig p\u00e5 kaien<\/li>\n\n\n\n<li><strong>Velferdsfasiliteter<\/strong><br>Tv-rom, vaskerom, kj\u00f8kken m.m<\/li>\n\n\n\n<li><strong>Dry dock and workshop<\/strong><br>Available in harbor<\/li>\n<\/ul>\n<\/div>","protected":false},"excerpt":{"rendered":"<p>Showing 1 of 1 N-322 Located in Ballstad, Lofoten. Annually, they purchase approximately 2,500 tons of raw materials used for the production of fresh fish, dried fish, and salted fish. If you deliver to Nic. Haug, the fishing grounds are nearby, and there is also the option to provision supplies directly at the quay. At [&hellip;]<\/p>\n","protected":false},"author":2,"featured_media":719,"parent":130,"menu_order":0,"comment_status":"closed","ping_status":"closed","template":"","meta":{"footnotes":""},"class_list":["post-718","page","type-page","status-publish","has-post-thumbnail","hentry"],"_links":{"self":[{"href":"https:\/\/norfra.no\/nb\/wp-json\/wp\/v2\/pages\/718","targetHints":{"allow":["GET"]}}],"collection":[{"href":"https:\/\/norfra.no\/nb\/wp-json\/wp\/v2\/pages"}],"about":[{"href":"https:\/\/norfra.no\/nb\/wp-json\/wp\/v2\/types\/page"}],"author":[{"embeddable":true,"href":"https:\/\/norfra.no\/nb\/wp-json\/wp\/v2\/users\/2"}],"replies":[{"embeddable":true,"href":"https:\/\/norfra.no\/nb\/wp-json\/wp\/v2\/comments?post=718"}],"version-history":[{"count":17,"href":"https:\/\/norfra.no\/nb\/wp-json\/wp\/v2\/pages\/718\/revisions"}],"predecessor-version":[{"id":1493,"href":"https:\/\/norfra.no\/nb\/wp-json\/wp\/v2\/pages\/718\/revisions\/1493"}],"up":[{"embeddable":true,"href":"https:\/\/norfra.no\/nb\/wp-json\/wp\/v2\/pages\/130"}],"wp:featuredmedia":[{"embeddable":true,"href":"https:\/\/norfra.no\/nb\/wp-json\/wp\/v2\/media\/719"}],"wp:attachment":[{"href":"https:\/\/norfra.no\/nb\/wp-json\/wp\/v2\/media?parent=718"}],"curies":[{"name":"wp","href":"https:\/\/api.w.org\/{rel}","templated":true}]}}