{"id":130,"date":"2026-01-05T18:47:16","date_gmt":"2026-01-05T16:47:16","guid":{"rendered":"https:\/\/norfra.no\/?page_id=130"},"modified":"2026-01-27T12:10:04","modified_gmt":"2026-01-27T10:10:04","slug":"factories","status":"publish","type":"page","link":"https:\/\/norfra.no\/nb\/factories\/","title":{"rendered":"Fabrikker"},"content":{"rendered":"<div style=\"height:20px\" aria-hidden=\"true\" class=\"wp-block-spacer\"><\/div>\n\n\n\n<div class=\"wp-block-group alignwide map-section is-layout-flow wp-container-core-group-is-layout-c43c6636 wp-block-group-is-layout-flow\" style=\"padding-right:0;padding-left:0\">\n<div class=\"wp-block-group alignwide map-text-content--desktop is-vertical is-layout-flex wp-container-core-group-is-layout-fe9cc265 wp-block-group-is-layout-flex\">\n<h1 class=\"wp-block-heading\">V\u00e5re fabrikker<\/h1>\n\n\n\n<p>Med r\u00f8tter i det kalde nord st\u00e5r fabrikkene v\u00e5re som et vitnesbyrd om tradisjon og h\u00e5ndverk. Vi produserer sj\u00f8mat preget av stolthet, omtanke og respekt for havet.<\/p>\n\n\n\n<p>P\u00e5 fabrikkene v\u00e5re jobber erfarne ledere og formenn i kontinuerlig kontakt med fiskefart\u00f8yene, og effektiv logistikk s\u00f8rger for at forbrukerne f\u00e5r akkurat den kvaliteten og de produktene de forventer.<\/p>\n\n\n\n<p class=\"has-text-align-left has-custom-2-font-size\"> - Klikk p\u00e5 et sted for \u00e5 utforske<\/p>\n<\/div>\n\n\n\n<div class=\"wp-block-group alignwide map-container is-layout-flow wp-block-group-is-layout-flow\">\n<div class=\"wp-block-group map-svg-wrapper is-layout-flow wp-block-group-is-layout-flow\">\n<div class=\"map-svg-wrapper\">\n  <img decoding=\"async\" src=\"\/wp-content\/themes\/norfra-quality-seafood\/assets\/images\/norfra-map.svg\" alt=\"Map of Northern Norway\">\n<\/div>\n\n\n\n<div class=\"wp-block-buttons is-layout-flex wp-block-buttons-is-layout-flex\">\n<div class=\"wp-block-button map-button map-button--torsvaagbruket is-style-modal-toggle\"><button type=\"button\" class=\"wp-block-button__link wp-element-button\">Torsv\u00e5gbruket<\/button><\/div>\n\n\n\n<div class=\"wp-block-button map-button map-button--nordvaagen is-style-modal-toggle\"><button type=\"button\" class=\"wp-block-button__link wp-element-button\">Nordv\u00e5gen<\/button><\/div>\n\n\n\n<div class=\"wp-block-button map-button map-button--nichaug is-style-modal-toggle\"><button type=\"button\" class=\"wp-block-button__link wp-element-button\">Nic Haug<\/button><\/div>\n<\/div>\n\n\n\n<div class=\"wp-block-group map-text-content--mobile is-vertical is-layout-flex wp-container-core-group-is-layout-fe9cc265 wp-block-group-is-layout-flex\">\n<h2 class=\"wp-block-heading\">Arktisk opprinnelse<\/h2>\n\n\n\n<p>Med r\u00f8tter i det kalde nord st\u00e5r fabrikkene v\u00e5re som et vitnesbyrd om tradisjon og h\u00e5ndverk. Vi produserer sj\u00f8mat preget av stolthet, omtanke og respekt for havet.<\/p>\n<\/div>\n<\/div>\n\n\n\n<div class=\"arctic-circle\">\n  <img decoding=\"async\" src=\"\/wp-content\/themes\/norfra-quality-seafood\/assets\/images\/norfra-arctic-circle.svg\" alt=\"\">\n<\/div>\n<\/div>\n\n\n\n<div class=\"wp-block-group map-modal has-contrast-background-color has-background has-global-padding is-layout-constrained wp-container-core-group-is-layout-c385debf wp-block-group-is-layout-constrained\" style=\"border-top-left-radius:10px;border-top-right-radius:10px;border-bottom-left-radius:10px;border-bottom-right-radius:10px;padding-top:var(--wp--preset--spacing--20);padding-right:var(--wp--preset--spacing--20);padding-bottom:var(--wp--preset--spacing--20);padding-left:var(--wp--preset--spacing--20)\">\n<div class=\"wp-block-group is-content-justification-space-between is-nowrap is-layout-flex wp-container-core-group-is-layout-b2a12347 wp-block-group-is-layout-flex\" style=\"margin-top:0;margin-bottom:0;padding-top:0;padding-bottom:0\">\n<h3 class=\"wp-block-heading has-accent-5-color has-text-color has-link-color wp-elements-98b6e9513229f1b48b3fd919fea77a07\">Torsv\u00e5gbruket: T-155<\/h3>\n\n\n\n<div class=\"wp-block-buttons is-layout-flex wp-block-buttons-is-layout-flex\">\n<div class=\"wp-block-button\"><a class=\"wp-block-button__link wp-element-button\">X<\/a><\/div>\n<\/div>\n<\/div>\n\n\n\n<p class=\"has-accent-5-color has-text-color has-link-color wp-elements-883f7f4104fe74f3c4007eedc125568f\">Torsb\u00e5gbruket ligger i og s\u00e5 fortsetter teksten som sier noe:<\/p>\n\n\n\n<p class=\"has-accent-5-color has-text-color has-link-color wp-elements-1aa188082c762d413e2265dcd2cb65d9\">Kontakt: +47 +47 981119232<\/p>\n\n\n\n<div class=\"wp-block-buttons is-layout-flex wp-block-buttons-is-layout-flex\">\n<div class=\"wp-block-button is-style-internal-link\"><a class=\"wp-block-button__link wp-element-button\">Les mer om dette<\/a><\/div>\n<\/div>\n<\/div>\n<\/div>","protected":false},"excerpt":{"rendered":"<p>Our Factories Rooted in the cold north our factories stand as a testament to tradition and craftmanship. Producing seafood defined by pride, care and respect for the ocean. At our factories, experienced leaders and foremen work in continuous contact with fishing vessels, and efficient logistics ensure that consumers receive exactly the quality and products they [&hellip;]<\/p>\n","protected":false},"author":2,"featured_media":0,"parent":0,"menu_order":0,"comment_status":"closed","ping_status":"closed","template":"page-no-title","meta":{"footnotes":""},"class_list":["post-130","page","type-page","status-publish","hentry"],"_links":{"self":[{"href":"https:\/\/norfra.no\/nb\/wp-json\/wp\/v2\/pages\/130","targetHints":{"allow":["GET"]}}],"collection":[{"href":"https:\/\/norfra.no\/nb\/wp-json\/wp\/v2\/pages"}],"about":[{"href":"https:\/\/norfra.no\/nb\/wp-json\/wp\/v2\/types\/page"}],"author":[{"embeddable":true,"href":"https:\/\/norfra.no\/nb\/wp-json\/wp\/v2\/users\/2"}],"replies":[{"embeddable":true,"href":"https:\/\/norfra.no\/nb\/wp-json\/wp\/v2\/comments?post=130"}],"version-history":[{"count":65,"href":"https:\/\/norfra.no\/nb\/wp-json\/wp\/v2\/pages\/130\/revisions"}],"predecessor-version":[{"id":1505,"href":"https:\/\/norfra.no\/nb\/wp-json\/wp\/v2\/pages\/130\/revisions\/1505"}],"wp:attachment":[{"href":"https:\/\/norfra.no\/nb\/wp-json\/wp\/v2\/media?parent=130"}],"curies":[{"name":"wp","href":"https:\/\/api.w.org\/{rel}","templated":true}]}}